{"id":119,"date":"2025-06-17T10:37:14","date_gmt":"2025-06-17T10:37:14","guid":{"rendered":"http:\/\/www.floristeriamachuno.es\/?page_id=119"},"modified":"2025-10-15T07:23:47","modified_gmt":"2025-10-15T07:23:47","slug":"centros-y-composiciones","status":"publish","type":"page","link":"https:\/\/www.floristeriamachuno.es\/index.php\/centros-y-composiciones\/","title":{"rendered":"Flor Natural"},"content":{"rendered":"\t\t<div data-elementor-type=\"wp-page\" data-elementor-id=\"119\" class=\"elementor elementor-119\" data-elementor-post-type=\"page\">\n\t\t\t\t<div class=\"elementor-element elementor-element-19ce017 e-flex e-con-boxed e-con e-parent\" data-id=\"19ce017\" data-element_type=\"container\" data-settings=\"{&quot;background_background&quot;:&quot;classic&quot;}\">\n\t\t\t\t\t<div class=\"e-con-inner\">\n\t\t<div class=\"elementor-element elementor-element-722acad e-con-full e-flex e-con e-child\" data-id=\"722acad\" data-element_type=\"container\" data-settings=\"{&quot;background_background&quot;:&quot;classic&quot;}\">\n\t\t\t\t<div class=\"elementor-element elementor-element-6dafced elementor-widget elementor-widget-heading\" data-id=\"6dafced\" data-element_type=\"widget\" data-widget_type=\"heading.default\">\n\t\t\t\t<div class=\"elementor-widget-container\">\n\t\t\t\t\t<h2 class=\"elementor-heading-title elementor-size-default\">Ramos Naturales<\/h2>\t\t\t\t<\/div>\n\t\t\t\t<\/div>\n\t\t\t\t<div class=\"elementor-element elementor-element-1d17396 elementor-invisible elementor-widget elementor-widget-text-editor\" data-id=\"1d17396\" data-element_type=\"widget\" data-settings=\"{&quot;_animation&quot;:&quot;zoomIn&quot;}\" data-widget_type=\"text-editor.default\">\n\t\t\t\t<div class=\"elementor-widget-container\">\n\t\t\t\t\t\t\t\t\t<p>La belleza m\u00e1s aut\u00e9ntica est\u00e1 en lo natural.<br data-start=\"251\" data-end=\"254\" \/>Nosotros celebramos las formas, colores y aromas tal como nos los regala la naturaleza. Trabajamos con flores frescas de temporada, seleccionadas con mimo, para crear arreglos llenos de vida y armon\u00eda.<\/p>\t\t\t\t\t\t\t\t<\/div>\n\t\t\t\t<\/div>\n\t\t\t\t<div class=\"elementor-element elementor-element-42702fa elementor-invisible elementor-widget elementor-widget-text-editor\" data-id=\"42702fa\" data-element_type=\"widget\" data-settings=\"{&quot;_animation&quot;:&quot;zoomIn&quot;,&quot;_animation_delay&quot;:0}\" data-widget_type=\"text-editor.default\">\n\t\t\t\t<div class=\"elementor-widget-container\">\n\t\t\t\t\t\t\t\t\t<p>Cada creaci\u00f3n es un peque\u00f1o homenaje a lo sencillo, a lo que no necesita adornos para brillar. Ya sea un ramo, una composici\u00f3n o una pieza personalizada, nuestras flores hablan con su propio lenguaje: el de la emoci\u00f3n pura.<\/p>\t\t\t\t\t\t\t\t<\/div>\n\t\t\t\t<\/div>\n\t\t\t\t<div class=\"elementor-element elementor-element-b4af36a elementor-invisible elementor-widget elementor-widget-text-editor\" data-id=\"b4af36a\" data-element_type=\"widget\" data-settings=\"{&quot;_animation&quot;:&quot;zoomIn&quot;}\" data-widget_type=\"text-editor.default\">\n\t\t\t\t<div class=\"elementor-widget-container\">\n\t\t\t\t\t\t\t\t\t<p>Queremos que al recibirlas sientas esa conexi\u00f3n especial con lo natural, con lo real. Porque no hay nada m\u00e1s bello que lo aut\u00e9ntico.<\/p>\t\t\t\t\t\t\t\t<\/div>\n\t\t\t\t<\/div>\n\t\t\t\t<\/div>\n\t\t<div class=\"elementor-element elementor-element-fa94092 e-con-full e-flex e-con e-child\" data-id=\"fa94092\" data-element_type=\"container\" data-settings=\"{&quot;background_background&quot;:&quot;classic&quot;}\">\n\t\t\t\t<div class=\"elementor-element elementor-element-0916bb6 animated-slow elementor-invisible elementor-widget elementor-widget-image\" data-id=\"0916bb6\" data-element_type=\"widget\" data-settings=\"{&quot;_animation&quot;:&quot;fadeInRight&quot;}\" data-widget_type=\"image.default\">\n\t\t\t\t<div class=\"elementor-widget-container\">\n\t\t\t\t\t\t\t\t\t\t\t\t\t\t\t<img fetchpriority=\"high\" decoding=\"async\" width=\"800\" height=\"800\" src=\"https:\/\/www.floristeriamachuno.es\/wp-content\/uploads\/2025\/10\/un-ramo-de-variedad-de-flores-con-colores-vivos-y-hojas-en-las-manos-de-una-novia-en-la-pared-1024x1024.jpg\" class=\"attachment-large size-large wp-image-557\" alt=\"\" srcset=\"https:\/\/www.floristeriamachuno.es\/wp-content\/uploads\/2025\/10\/un-ramo-de-variedad-de-flores-con-colores-vivos-y-hojas-en-las-manos-de-una-novia-en-la-pared-1024x1024.jpg 1024w, https:\/\/www.floristeriamachuno.es\/wp-content\/uploads\/2025\/10\/un-ramo-de-variedad-de-flores-con-colores-vivos-y-hojas-en-las-manos-de-una-novia-en-la-pared-300x300.jpg 300w, https:\/\/www.floristeriamachuno.es\/wp-content\/uploads\/2025\/10\/un-ramo-de-variedad-de-flores-con-colores-vivos-y-hojas-en-las-manos-de-una-novia-en-la-pared-150x150.jpg 150w, https:\/\/www.floristeriamachuno.es\/wp-content\/uploads\/2025\/10\/un-ramo-de-variedad-de-flores-con-colores-vivos-y-hojas-en-las-manos-de-una-novia-en-la-pared-768x768.jpg 768w, https:\/\/www.floristeriamachuno.es\/wp-content\/uploads\/2025\/10\/un-ramo-de-variedad-de-flores-con-colores-vivos-y-hojas-en-las-manos-de-una-novia-en-la-pared-1536x1536.jpg 1536w, https:\/\/www.floristeriamachuno.es\/wp-content\/uploads\/2025\/10\/un-ramo-de-variedad-de-flores-con-colores-vivos-y-hojas-en-las-manos-de-una-novia-en-la-pared-2048x2048.jpg 2048w\" sizes=\"(max-width: 800px) 100vw, 800px\" \/>\t\t\t\t\t\t\t\t\t\t\t\t\t\t\t<\/div>\n\t\t\t\t<\/div>\n\t\t\t\t<\/div>\n\t\t<div class=\"elementor-element elementor-element-24f1495 e-con-full e-flex e-con e-child\" data-id=\"24f1495\" data-element_type=\"container\" data-settings=\"{&quot;background_background&quot;:&quot;classic&quot;}\">\n\t\t\t\t<div class=\"elementor-element elementor-element-12396b3 animated-slow e-transform elementor-invisible elementor-widget elementor-widget-image\" data-id=\"12396b3\" data-element_type=\"widget\" data-settings=\"{&quot;_animation&quot;:&quot;fadeInLeft&quot;,&quot;_transform_skewX_effect&quot;:{&quot;unit&quot;:&quot;px&quot;,&quot;size&quot;:&quot;&quot;,&quot;sizes&quot;:[]},&quot;_transform_skewX_effect_tablet&quot;:{&quot;unit&quot;:&quot;deg&quot;,&quot;size&quot;:&quot;&quot;,&quot;sizes&quot;:[]},&quot;_transform_skewX_effect_mobile&quot;:{&quot;unit&quot;:&quot;deg&quot;,&quot;size&quot;:&quot;&quot;,&quot;sizes&quot;:[]},&quot;_transform_skewY_effect&quot;:{&quot;unit&quot;:&quot;px&quot;,&quot;size&quot;:&quot;&quot;,&quot;sizes&quot;:[]},&quot;_transform_skewY_effect_tablet&quot;:{&quot;unit&quot;:&quot;deg&quot;,&quot;size&quot;:&quot;&quot;,&quot;sizes&quot;:[]},&quot;_transform_skewY_effect_mobile&quot;:{&quot;unit&quot;:&quot;deg&quot;,&quot;size&quot;:&quot;&quot;,&quot;sizes&quot;:[]}}\" data-widget_type=\"image.default\">\n\t\t\t\t<div class=\"elementor-widget-container\">\n\t\t\t\t\t\t\t\t\t\t\t\t\t\t\t<img decoding=\"async\" width=\"800\" height=\"800\" src=\"https:\/\/www.floristeriamachuno.es\/wp-content\/uploads\/2025\/10\/ramo-de-rosas-con-naranja-rosas-amarillas-mimosa-en-fondo-oscuro-1024x1024.jpg\" class=\"attachment-large size-large wp-image-556\" alt=\"\" srcset=\"https:\/\/www.floristeriamachuno.es\/wp-content\/uploads\/2025\/10\/ramo-de-rosas-con-naranja-rosas-amarillas-mimosa-en-fondo-oscuro-1024x1024.jpg 1024w, https:\/\/www.floristeriamachuno.es\/wp-content\/uploads\/2025\/10\/ramo-de-rosas-con-naranja-rosas-amarillas-mimosa-en-fondo-oscuro-300x300.jpg 300w, https:\/\/www.floristeriamachuno.es\/wp-content\/uploads\/2025\/10\/ramo-de-rosas-con-naranja-rosas-amarillas-mimosa-en-fondo-oscuro-150x150.jpg 150w, https:\/\/www.floristeriamachuno.es\/wp-content\/uploads\/2025\/10\/ramo-de-rosas-con-naranja-rosas-amarillas-mimosa-en-fondo-oscuro-768x768.jpg 768w, https:\/\/www.floristeriamachuno.es\/wp-content\/uploads\/2025\/10\/ramo-de-rosas-con-naranja-rosas-amarillas-mimosa-en-fondo-oscuro-1536x1536.jpg 1536w, https:\/\/www.floristeriamachuno.es\/wp-content\/uploads\/2025\/10\/ramo-de-rosas-con-naranja-rosas-amarillas-mimosa-en-fondo-oscuro.jpg 2000w\" sizes=\"(max-width: 800px) 100vw, 800px\" \/>\t\t\t\t\t\t\t\t\t\t\t\t\t\t\t<\/div>\n\t\t\t\t<\/div>\n\t\t\t\t<div class=\"elementor-element elementor-element-e9b755e elementor-align-center elementor-widget elementor-widget-button\" data-id=\"e9b755e\" data-element_type=\"widget\" data-widget_type=\"button.default\">\n\t\t\t\t<div class=\"elementor-widget-container\">\n\t\t\t\t\t\t\t\t\t<div class=\"elementor-button-wrapper\">\n\t\t\t\t\t<a class=\"elementor-button elementor-button-link elementor-size-sm\" href=\"http:\/\/www.floristeriamachuno.es\/index.php\/plantas\/\">\n\t\t\t\t\t\t<span class=\"elementor-button-content-wrapper\">\n\t\t\t\t\t\t\t\t\t<span class=\"elementor-button-text\">Ver Ramos<\/span>\n\t\t\t\t\t<\/span>\n\t\t\t\t\t<\/a>\n\t\t\t\t<\/div>\n\t\t\t\t\t\t\t\t<\/div>\n\t\t\t\t<\/div>\n\t\t\t\t<\/div>\n\t\t<div class=\"elementor-element elementor-element-02202fb e-con-full e-flex e-con e-child\" data-id=\"02202fb\" data-element_type=\"container\" data-settings=\"{&quot;background_background&quot;:&quot;classic&quot;}\">\n\t\t\t\t<div class=\"elementor-element elementor-element-0a635d4 elementor-invisible elementor-widget elementor-widget-text-editor\" data-id=\"0a635d4\" data-element_type=\"widget\" data-settings=\"{&quot;_animation&quot;:&quot;zoomIn&quot;}\" data-widget_type=\"text-editor.default\">\n\t\t\t\t<div class=\"elementor-widget-container\">\n\t\t\t\t\t\t\t\t\t<p>Nada expresa mejor un sentimiento que un ramo lleno de flores frescas.<br data-start=\"932\" data-end=\"935\" \/>Nuestros <strong data-start=\"944\" data-end=\"963\">ramos naturales<\/strong> est\u00e1n pensados para emocionar: combinaciones equilibradas, colores que se complementan y una frescura que se nota en cada p\u00e9talo.<\/p>\t\t\t\t\t\t\t\t<\/div>\n\t\t\t\t<\/div>\n\t\t\t\t<div class=\"elementor-element elementor-element-2f5e1ff elementor-invisible elementor-widget elementor-widget-text-editor\" data-id=\"2f5e1ff\" data-element_type=\"widget\" data-settings=\"{&quot;_animation&quot;:&quot;zoomIn&quot;}\" data-widget_type=\"text-editor.default\">\n\t\t\t\t<div class=\"elementor-widget-container\">\n\t\t\t\t\t\t\t\t\t<p data-start=\"1097\" data-end=\"1248\">Creamos desde los cl\u00e1sicos atemporales hasta ramos m\u00e1s modernos y desenfadados. Cada uno se elabora a mano, con un toque artesanal que lo hace \u00fanico.<\/p><p data-start=\"1250\" data-end=\"1409\">Usamos flores de temporada para garantizar su m\u00e1xima calidad y belleza. As\u00ed, cada ramo es un reflejo del momento, del clima, del d\u00eda\u2026 de la naturaleza misma.<\/p>\t\t\t\t\t\t\t\t<\/div>\n\t\t\t\t<\/div>\n\t\t\t\t<div class=\"elementor-element elementor-element-6c12002 elementor-invisible elementor-widget elementor-widget-text-editor\" data-id=\"6c12002\" data-element_type=\"widget\" data-settings=\"{&quot;_animation&quot;:&quot;zoomIn&quot;}\" data-widget_type=\"text-editor.default\">\n\t\t\t\t<div class=\"elementor-widget-container\">\n\t\t\t\t\t\t\t\t\t<p>Perfectos para regalar, decorar o simplemente para darte un capricho. Porque un ramo bonito siempre mejora el d\u00eda. \ud83c\udf38<\/p>\t\t\t\t\t\t\t\t<\/div>\n\t\t\t\t<\/div>\n\t\t\t\t<\/div>\n\t\t\t\t\t<\/div>\n\t\t\t\t<\/div>\n\t\t<div class=\"elementor-element elementor-element-152b687 e-flex e-con-boxed e-con e-parent\" data-id=\"152b687\" data-element_type=\"container\" data-settings=\"{&quot;background_background&quot;:&quot;classic&quot;}\">\n\t\t\t\t\t<div class=\"e-con-inner\">\n\t\t<div class=\"elementor-element elementor-element-005d860 e-con-full e-flex e-con e-child\" data-id=\"005d860\" data-element_type=\"container\" data-settings=\"{&quot;background_background&quot;:&quot;classic&quot;}\">\n\t\t\t\t<div class=\"elementor-element elementor-element-93f2e10 elementor-widget elementor-widget-heading\" data-id=\"93f2e10\" data-element_type=\"widget\" data-widget_type=\"heading.default\">\n\t\t\t\t<div class=\"elementor-widget-container\">\n\t\t\t\t\t<h2 class=\"elementor-heading-title elementor-size-default\">Composiciones<\/h2>\t\t\t\t<\/div>\n\t\t\t\t<\/div>\n\t\t\t\t<div class=\"elementor-element elementor-element-298a657 elementor-invisible elementor-widget elementor-widget-text-editor\" data-id=\"298a657\" data-element_type=\"widget\" data-settings=\"{&quot;_animation&quot;:&quot;zoomIn&quot;}\" data-widget_type=\"text-editor.default\">\n\t\t\t\t<div class=\"elementor-widget-container\">\n\t\t\t\t\t\t\t\t\t<p>\u00bfBuscas un centro de flores que haga sonre\u00edr? Est\u00e1s en el lugar indicado.<br data-start=\"1636\" data-end=\"1639\" \/>Creamos composiciones que llenan de vida cualquier rinc\u00f3n y hacen que esos momentos especiales sean a\u00fan m\u00e1s memorables.<\/p>\t\t\t\t\t\t\t\t<\/div>\n\t\t\t\t<\/div>\n\t\t\t\t<div class=\"elementor-element elementor-element-8245487 elementor-invisible elementor-widget elementor-widget-text-editor\" data-id=\"8245487\" data-element_type=\"widget\" data-settings=\"{&quot;_animation&quot;:&quot;zoomIn&quot;,&quot;_animation_delay&quot;:0}\" data-widget_type=\"text-editor.default\">\n\t\t\t\t<div class=\"elementor-widget-container\">\n\t\t\t\t\t\t\t\t\t<p>Cada centro tiene su propia personalidad. Desde colores suaves y rom\u00e1nticos hasta combinaciones atrevidas y llenas de energ\u00eda, tenemos algo que encaja con tu estilo y el de quien lo recibe.<\/p>\t\t\t\t\t\t\t\t<\/div>\n\t\t\t\t<\/div>\n\t\t\t\t<div class=\"elementor-element elementor-element-727e3bb elementor-invisible elementor-widget elementor-widget-text-editor\" data-id=\"727e3bb\" data-element_type=\"widget\" data-settings=\"{&quot;_animation&quot;:&quot;zoomIn&quot;}\" data-widget_type=\"text-editor.default\">\n\t\t\t\t<div class=\"elementor-widget-container\">\n\t\t\t\t\t\t\t\t\t<p>Nos encanta jugar con las flores de temporada. As\u00ed que cada arreglo es diferente, fresco y aut\u00e9ntico. Nada de copias: cada composici\u00f3n tiene su chispa \u00fanica, como t\u00fa.<\/p>\t\t\t\t\t\t\t\t<\/div>\n\t\t\t\t<\/div>\n\t\t\t\t<\/div>\n\t\t<div class=\"elementor-element elementor-element-cdd16e7 e-con-full e-flex e-con e-child\" data-id=\"cdd16e7\" data-element_type=\"container\" data-settings=\"{&quot;background_background&quot;:&quot;classic&quot;}\">\n\t\t\t\t<div class=\"elementor-element elementor-element-a2054a3 animated-slow elementor-invisible elementor-widget elementor-widget-image\" data-id=\"a2054a3\" data-element_type=\"widget\" data-settings=\"{&quot;_animation&quot;:&quot;fadeInRight&quot;}\" data-widget_type=\"image.default\">\n\t\t\t\t<div class=\"elementor-widget-container\">\n\t\t\t\t\t\t\t\t\t\t\t\t\t\t\t<img decoding=\"async\" width=\"800\" height=\"800\" src=\"https:\/\/www.floristeriamachuno.es\/wp-content\/uploads\/2025\/06\/497572246_17908185150142899_8165351191491910955_n-1024x1024.jpg\" class=\"attachment-large size-large wp-image-67\" alt=\"\" srcset=\"https:\/\/www.floristeriamachuno.es\/wp-content\/uploads\/2025\/06\/497572246_17908185150142899_8165351191491910955_n-1024x1024.jpg 1024w, https:\/\/www.floristeriamachuno.es\/wp-content\/uploads\/2025\/06\/497572246_17908185150142899_8165351191491910955_n-300x300.jpg 300w, https:\/\/www.floristeriamachuno.es\/wp-content\/uploads\/2025\/06\/497572246_17908185150142899_8165351191491910955_n-150x150.jpg 150w, https:\/\/www.floristeriamachuno.es\/wp-content\/uploads\/2025\/06\/497572246_17908185150142899_8165351191491910955_n-768x768.jpg 768w, https:\/\/www.floristeriamachuno.es\/wp-content\/uploads\/2025\/06\/497572246_17908185150142899_8165351191491910955_n.jpg 1080w\" sizes=\"(max-width: 800px) 100vw, 800px\" \/>\t\t\t\t\t\t\t\t\t\t\t\t\t\t\t<\/div>\n\t\t\t\t<\/div>\n\t\t\t\t<\/div>\n\t\t<div class=\"elementor-element elementor-element-9b1c7fe e-con-full e-flex e-con e-child\" data-id=\"9b1c7fe\" data-element_type=\"container\" data-settings=\"{&quot;background_background&quot;:&quot;classic&quot;}\">\n\t\t\t\t<div class=\"elementor-element elementor-element-577154d animated-slow e-transform elementor-invisible elementor-widget elementor-widget-image\" data-id=\"577154d\" data-element_type=\"widget\" data-settings=\"{&quot;_animation&quot;:&quot;fadeInLeft&quot;,&quot;_transform_skewX_effect&quot;:{&quot;unit&quot;:&quot;px&quot;,&quot;size&quot;:&quot;&quot;,&quot;sizes&quot;:[]},&quot;_transform_skewX_effect_tablet&quot;:{&quot;unit&quot;:&quot;deg&quot;,&quot;size&quot;:&quot;&quot;,&quot;sizes&quot;:[]},&quot;_transform_skewX_effect_mobile&quot;:{&quot;unit&quot;:&quot;deg&quot;,&quot;size&quot;:&quot;&quot;,&quot;sizes&quot;:[]},&quot;_transform_skewY_effect&quot;:{&quot;unit&quot;:&quot;px&quot;,&quot;size&quot;:&quot;&quot;,&quot;sizes&quot;:[]},&quot;_transform_skewY_effect_tablet&quot;:{&quot;unit&quot;:&quot;deg&quot;,&quot;size&quot;:&quot;&quot;,&quot;sizes&quot;:[]},&quot;_transform_skewY_effect_mobile&quot;:{&quot;unit&quot;:&quot;deg&quot;,&quot;size&quot;:&quot;&quot;,&quot;sizes&quot;:[]}}\" data-widget_type=\"image.default\">\n\t\t\t\t<div class=\"elementor-widget-container\">\n\t\t\t\t\t\t\t\t\t\t\t\t\t\t\t<img loading=\"lazy\" decoding=\"async\" width=\"800\" height=\"800\" src=\"https:\/\/www.floristeriamachuno.es\/wp-content\/uploads\/2025\/06\/498139321_17908069542142899_7635106180666525609_n-1024x1024.jpg\" class=\"attachment-large size-large wp-image-66\" alt=\"\" srcset=\"https:\/\/www.floristeriamachuno.es\/wp-content\/uploads\/2025\/06\/498139321_17908069542142899_7635106180666525609_n-1024x1024.jpg 1024w, https:\/\/www.floristeriamachuno.es\/wp-content\/uploads\/2025\/06\/498139321_17908069542142899_7635106180666525609_n-300x300.jpg 300w, https:\/\/www.floristeriamachuno.es\/wp-content\/uploads\/2025\/06\/498139321_17908069542142899_7635106180666525609_n-150x150.jpg 150w, https:\/\/www.floristeriamachuno.es\/wp-content\/uploads\/2025\/06\/498139321_17908069542142899_7635106180666525609_n-768x768.jpg 768w, https:\/\/www.floristeriamachuno.es\/wp-content\/uploads\/2025\/06\/498139321_17908069542142899_7635106180666525609_n.jpg 1080w\" sizes=\"(max-width: 800px) 100vw, 800px\" \/>\t\t\t\t\t\t\t\t\t\t\t\t\t\t\t<\/div>\n\t\t\t\t<\/div>\n\t\t\t\t<\/div>\n\t\t<div class=\"elementor-element elementor-element-2a0d33c e-con-full e-flex e-con e-child\" data-id=\"2a0d33c\" data-element_type=\"container\" data-settings=\"{&quot;background_background&quot;:&quot;classic&quot;}\">\n\t\t\t\t<div class=\"elementor-element elementor-element-bb42158 elementor-invisible elementor-widget elementor-widget-text-editor\" data-id=\"bb42158\" data-element_type=\"widget\" data-settings=\"{&quot;_animation&quot;:&quot;zoomIn&quot;}\" data-widget_type=\"text-editor.default\">\n\t\t\t\t<div class=\"elementor-widget-container\">\n\t\t\t\t\t\t\t\t\t<p>Hechos a mano con mucho cari\u00f1o, nuestros centros cuidan cada p\u00e9talo, hoja y detalle. Queremos que tu regalo no solo se vea bonito, sino que tambi\u00e9n haga sentir algo especial.<\/p>\t\t\t\t\t\t\t\t<\/div>\n\t\t\t\t<\/div>\n\t\t\t\t<div class=\"elementor-element elementor-element-ef096cf elementor-invisible elementor-widget elementor-widget-text-editor\" data-id=\"ef096cf\" data-element_type=\"widget\" data-settings=\"{&quot;_animation&quot;:&quot;zoomIn&quot;}\" data-widget_type=\"text-editor.default\">\n\t\t\t\t<div class=\"elementor-widget-container\">\n\t\t\t\t\t\t\t\t\t<p>A veces un \u201cte quiero\u201d o un \u201cfelicidades\u201d no basta. Nuestros arreglos hablan por ti, transmitiendo emociones de forma sencilla pero con mucho estilo.<\/p>\t\t\t\t\t\t\t\t<\/div>\n\t\t\t\t<\/div>\n\t\t\t\t<div class=\"elementor-element elementor-element-f16a6b4 elementor-invisible elementor-widget elementor-widget-text-editor\" data-id=\"f16a6b4\" data-element_type=\"widget\" data-settings=\"{&quot;_animation&quot;:&quot;zoomIn&quot;}\" data-widget_type=\"text-editor.default\">\n\t\t\t\t<div class=\"elementor-widget-container\">\n\t\t\t\t\t\t\t\t\t<p>Y si tienes una idea loca o s\u00faper original, nos encanta escucharla. Podemos dise\u00f1ar composiciones totalmente personalizadas para que tu regalo sea \u00fanico y memorable.<\/p>\t\t\t\t\t\t\t\t<\/div>\n\t\t\t\t<\/div>\n\t\t\t\t<div class=\"elementor-element elementor-element-2cc00a7 elementor-align-center elementor-invisible elementor-widget elementor-widget-button\" data-id=\"2cc00a7\" data-element_type=\"widget\" data-settings=\"{&quot;_animation&quot;:&quot;bounceInUp&quot;}\" data-widget_type=\"button.default\">\n\t\t\t\t<div class=\"elementor-widget-container\">\n\t\t\t\t\t\t\t\t\t<div class=\"elementor-button-wrapper\">\n\t\t\t\t\t<a class=\"elementor-button elementor-button-link elementor-size-sm\" href=\"https:\/\/web.whatsapp.com\/send?phone=34699277214&#038;text=%C2%A1Hola!%20Estoy%20probando%20el%20plugin%20Social%20Chat%20https%3A%2F%2Fquadlayers.com%2Flanding%2Fwhatsapp-chat%2F%3Futm_source%3Dqlwapp_plugin%26utm_medium%3Dwhatsapp\" target=\"_blank\" rel=\"noopener\">\n\t\t\t\t\t\t<span class=\"elementor-button-content-wrapper\">\n\t\t\t\t\t\t<span class=\"elementor-button-icon\">\n\t\t\t\t<svg aria-hidden=\"true\" class=\"e-font-icon-svg e-fab-whatsapp\" viewBox=\"0 0 448 512\" xmlns=\"http:\/\/www.w3.org\/2000\/svg\"><path d=\"M380.9 97.1C339 55.1 283.2 32 223.9 32c-122.4 0-222 99.6-222 222 0 39.1 10.2 77.3 29.6 111L0 480l117.7-30.9c32.4 17.7 68.9 27 106.1 27h.1c122.3 0 224.1-99.6 224.1-222 0-59.3-25.2-115-67.1-157zm-157 341.6c-33.2 0-65.7-8.9-94-25.7l-6.7-4-69.8 18.3L72 359.2l-4.4-7c-18.5-29.4-28.2-63.3-28.2-98.2 0-101.7 82.8-184.5 184.6-184.5 49.3 0 95.6 19.2 130.4 54.1 34.8 34.9 56.2 81.2 56.1 130.5 0 101.8-84.9 184.6-186.6 184.6zm101.2-138.2c-5.5-2.8-32.8-16.2-37.9-18-5.1-1.9-8.8-2.8-12.5 2.8-3.7 5.6-14.3 18-17.6 21.8-3.2 3.7-6.5 4.2-12 1.4-32.6-16.3-54-29.1-75.5-66-5.7-9.8 5.7-9.1 16.3-30.3 1.8-3.7.9-6.9-.5-9.7-1.4-2.8-12.5-30.1-17.1-41.2-4.5-10.8-9.1-9.3-12.5-9.5-3.2-.2-6.9-.2-10.6-.2-3.7 0-9.7 1.4-14.8 6.9-5.1 5.6-19.4 19-19.4 46.3 0 27.3 19.9 53.7 22.6 57.4 2.8 3.7 39.1 59.7 94.8 83.8 35.2 15.2 49 16.5 66.6 13.9 10.7-1.6 32.8-13.4 37.4-26.4 4.6-13 4.6-24.1 3.2-26.4-1.3-2.5-5-3.9-10.5-6.6z\"><\/path><\/svg>\t\t\t<\/span>\n\t\t\t\t\t\t\t\t\t<span class=\"elementor-button-text\">\u00a1Te Asesoramos!<\/span>\n\t\t\t\t\t<\/span>\n\t\t\t\t\t<\/a>\n\t\t\t\t<\/div>\n\t\t\t\t\t\t\t\t<\/div>\n\t\t\t\t<\/div>\n\t\t\t\t<\/div>\n\t\t\t\t\t<\/div>\n\t\t\t\t<\/div>\n\t\t\t\t<\/div>\n\t\t","protected":false},"excerpt":{"rendered":"<p>Ramos Naturales La belleza m\u00e1s aut\u00e9ntica est\u00e1 en lo natural.Nosotros celebramos las formas, colores y aromas tal como nos los regala la naturaleza. Trabajamos con flores frescas de temporada, seleccionadas con mimo, para crear arreglos llenos de vida y armon\u00eda. Cada creaci\u00f3n es un peque\u00f1o homenaje a lo sencillo, a lo que no necesita adornos [&hellip;]<\/p>\n","protected":false},"author":1,"featured_media":0,"parent":0,"menu_order":0,"comment_status":"closed","ping_status":"closed","template":"","meta":{"footnotes":""},"class_list":["post-119","page","type-page","status-publish","hentry"],"_links":{"self":[{"href":"https:\/\/www.floristeriamachuno.es\/index.php\/wp-json\/wp\/v2\/pages\/119","targetHints":{"allow":["GET"]}}],"collection":[{"href":"https:\/\/www.floristeriamachuno.es\/index.php\/wp-json\/wp\/v2\/pages"}],"about":[{"href":"https:\/\/www.floristeriamachuno.es\/index.php\/wp-json\/wp\/v2\/types\/page"}],"author":[{"embeddable":true,"href":"https:\/\/www.floristeriamachuno.es\/index.php\/wp-json\/wp\/v2\/users\/1"}],"replies":[{"embeddable":true,"href":"https:\/\/www.floristeriamachuno.es\/index.php\/wp-json\/wp\/v2\/comments?post=119"}],"version-history":[{"count":29,"href":"https:\/\/www.floristeriamachuno.es\/index.php\/wp-json\/wp\/v2\/pages\/119\/revisions"}],"predecessor-version":[{"id":573,"href":"https:\/\/www.floristeriamachuno.es\/index.php\/wp-json\/wp\/v2\/pages\/119\/revisions\/573"}],"wp:attachment":[{"href":"https:\/\/www.floristeriamachuno.es\/index.php\/wp-json\/wp\/v2\/media?parent=119"}],"curies":[{"name":"wp","href":"https:\/\/api.w.org\/{rel}","templated":true}]}}