{"id":223,"date":"2025-06-18T10:43:57","date_gmt":"2025-06-18T10:43:57","guid":{"rendered":"http:\/\/www.floristeriamachuno.es\/?page_id=223"},"modified":"2025-06-19T10:56:20","modified_gmt":"2025-06-19T10:56:20","slug":"quienes-somos-2","status":"publish","type":"page","link":"https:\/\/www.floristeriamachuno.es\/index.php\/quienes-somos-2\/","title":{"rendered":"Quienes somos 2"},"content":{"rendered":"\t\t<div data-elementor-type=\"wp-page\" data-elementor-id=\"223\" class=\"elementor elementor-223\" data-elementor-post-type=\"page\">\n\t\t\t\t\t\t<section class=\"elementor-section elementor-top-section elementor-element elementor-element-6bf9f93 elementor-section-boxed elementor-section-height-default elementor-section-height-default\" data-id=\"6bf9f93\" data-element_type=\"section\" data-settings=\"{&quot;background_background&quot;:&quot;classic&quot;}\">\n\t\t\t\t\t\t<div class=\"elementor-container elementor-column-gap-no\">\n\t\t\t\t\t<div class=\"elementor-column elementor-col-50 elementor-top-column elementor-element elementor-element-942bfc5\" data-id=\"942bfc5\" data-element_type=\"column\">\n\t\t\t<div class=\"elementor-widget-wrap elementor-element-populated\">\n\t\t\t\t\t\t<div class=\"elementor-element elementor-element-3cac078 elementor-invisible elementor-widget elementor-widget-heading\" data-id=\"3cac078\" data-element_type=\"widget\" data-settings=\"{&quot;_animation&quot;:&quot;fadeInDown&quot;}\" data-widget_type=\"heading.default\">\n\t\t\t\t<div class=\"elementor-widget-container\">\n\t\t\t\t\t<h2 class=\"elementor-heading-title elementor-size-default\">Sobre Nosotros<\/h2>\t\t\t\t<\/div>\n\t\t\t\t<\/div>\n\t\t\t\t<div class=\"elementor-element elementor-element-1770c77 elementor-invisible elementor-widget elementor-widget-text-editor\" data-id=\"1770c77\" data-element_type=\"widget\" data-settings=\"{&quot;_animation&quot;:&quot;fadeInLeft&quot;}\" data-widget_type=\"text-editor.default\">\n\t\t\t\t<div class=\"elementor-widget-container\">\n\t\t\t\t\t\t\t\t\t<p data-start=\"45\" data-end=\"159\">\u00a1Hola! Me llamo Jos\u00e9, aunque todos me conocen por MACHUNO. Soy el florista que est\u00e1 detr\u00e1s de Machuno Arte Floral.<\/p><p data-start=\"161\" data-end=\"420\">Aunque llegu\u00e9 a esta profesi\u00f3n sin esperarlo, me volv\u00ed, tras conocer un poco m\u00e1s sobre ella, un apasionado por la decoraci\u00f3n floral, el sentido del crecimiento vegetal y personal, las flores, los colores, las texturas, los olores y, en general, la naturaleza.<\/p><p data-start=\"1399\" data-end=\"1687\">Tras cursar un grado medio y superior de Hosteler\u00eda y Turismo, el aroma a flor lleg\u00f3 a mi vida sin saber mucho de ello.<\/p><p data-start=\"1399\" data-end=\"1687\">Ayud\u00e9 en una campa\u00f1a y, tras finalizarla, me despert\u00f3 la curiosidad de saber m\u00e1s y poder expresar, mediante mis manos, los sentimientos que descubr\u00ed poco a poco en esos d\u00edas.<\/p>\t\t\t\t\t\t\t\t<\/div>\n\t\t\t\t<\/div>\n\t\t\t\t\t<\/div>\n\t\t<\/div>\n\t\t\t\t<div class=\"elementor-column elementor-col-50 elementor-top-column elementor-element elementor-element-60b2dc9\" data-id=\"60b2dc9\" data-element_type=\"column\">\n\t\t\t<div class=\"elementor-widget-wrap elementor-element-populated\">\n\t\t\t\t\t\t<div class=\"elementor-element elementor-element-04bbdee elementor-widget-tablet__width-initial elementor-widget-mobile__width-initial elementor-invisible elementor-widget elementor-widget-image\" data-id=\"04bbdee\" data-element_type=\"widget\" data-settings=\"{&quot;_animation&quot;:&quot;fadeInRight&quot;}\" data-widget_type=\"image.default\">\n\t\t\t\t<div class=\"elementor-widget-container\">\n\t\t\t\t\t\t\t\t\t\t\t\t\t\t\t<img fetchpriority=\"high\" decoding=\"async\" width=\"1200\" height=\"1600\" src=\"https:\/\/www.floristeriamachuno.es\/wp-content\/uploads\/2025\/06\/PHOTO-2025-06-16-11-27-29-2.jpg\" class=\"attachment-full size-full wp-image-88\" alt=\"\" srcset=\"https:\/\/www.floristeriamachuno.es\/wp-content\/uploads\/2025\/06\/PHOTO-2025-06-16-11-27-29-2.jpg 1200w, https:\/\/www.floristeriamachuno.es\/wp-content\/uploads\/2025\/06\/PHOTO-2025-06-16-11-27-29-2-225x300.jpg 225w, https:\/\/www.floristeriamachuno.es\/wp-content\/uploads\/2025\/06\/PHOTO-2025-06-16-11-27-29-2-768x1024.jpg 768w, https:\/\/www.floristeriamachuno.es\/wp-content\/uploads\/2025\/06\/PHOTO-2025-06-16-11-27-29-2-1152x1536.jpg 1152w\" sizes=\"(max-width: 1200px) 100vw, 1200px\" \/>\t\t\t\t\t\t\t\t\t\t\t\t\t\t\t<\/div>\n\t\t\t\t<\/div>\n\t\t\t\t<div class=\"elementor-element elementor-element-bacc61b elementor-widget__width-initial elementor-widget-tablet__width-initial elementor-widget-mobile__width-initial elementor-absolute elementor-widget elementor-widget-image\" data-id=\"bacc61b\" data-element_type=\"widget\" data-settings=\"{&quot;motion_fx_motion_fx_mouse&quot;:&quot;yes&quot;,&quot;motion_fx_mouseTrack_effect&quot;:&quot;yes&quot;,&quot;motion_fx_mouseTrack_speed&quot;:{&quot;unit&quot;:&quot;px&quot;,&quot;size&quot;:0.3,&quot;sizes&quot;:[]},&quot;_position&quot;:&quot;absolute&quot;}\" data-widget_type=\"image.default\">\n\t\t\t\t<div class=\"elementor-widget-container\">\n\t\t\t\t\t\t\t\t\t\t\t\t\t\t\t<img decoding=\"async\" width=\"612\" height=\"408\" src=\"https:\/\/www.floristeriamachuno.es\/wp-content\/uploads\/2025\/06\/rose-on-black-background-removebg-preview.png\" class=\"attachment-full size-full wp-image-202\" alt=\"\" srcset=\"https:\/\/www.floristeriamachuno.es\/wp-content\/uploads\/2025\/06\/rose-on-black-background-removebg-preview.png 612w, https:\/\/www.floristeriamachuno.es\/wp-content\/uploads\/2025\/06\/rose-on-black-background-removebg-preview-300x200.png 300w\" sizes=\"(max-width: 612px) 100vw, 612px\" \/>\t\t\t\t\t\t\t\t\t\t\t\t\t\t\t<\/div>\n\t\t\t\t<\/div>\n\t\t\t\t<div class=\"elementor-element elementor-element-da8950c elementor-widget__width-initial elementor-absolute elementor-widget elementor-widget-spacer\" data-id=\"da8950c\" data-element_type=\"widget\" data-settings=\"{&quot;_position&quot;:&quot;absolute&quot;}\" data-widget_type=\"spacer.default\">\n\t\t\t\t<div class=\"elementor-widget-container\">\n\t\t\t\t\t\t\t<div class=\"elementor-spacer\">\n\t\t\t<div class=\"elementor-spacer-inner\"><\/div>\n\t\t<\/div>\n\t\t\t\t\t\t<\/div>\n\t\t\t\t<\/div>\n\t\t\t\t\t<\/div>\n\t\t<\/div>\n\t\t\t\t\t<\/div>\n\t\t<\/section>\n\t\t\t\t<section class=\"elementor-section elementor-top-section elementor-element elementor-element-ccff964 elementor-section-boxed elementor-section-height-default elementor-section-height-default\" data-id=\"ccff964\" data-element_type=\"section\" data-settings=\"{&quot;background_background&quot;:&quot;classic&quot;}\">\n\t\t\t\t\t\t<div class=\"elementor-container elementor-column-gap-no\">\n\t\t\t\t\t<div class=\"elementor-column elementor-col-50 elementor-top-column elementor-element elementor-element-826fa23\" data-id=\"826fa23\" data-element_type=\"column\">\n\t\t\t<div class=\"elementor-widget-wrap elementor-element-populated\">\n\t\t\t\t\t\t<div class=\"elementor-element elementor-element-97b94e2 elementor-widget-tablet__width-initial elementor-widget-mobile__width-initial elementor-invisible elementor-widget elementor-widget-image\" data-id=\"97b94e2\" data-element_type=\"widget\" data-settings=\"{&quot;_animation&quot;:&quot;fadeInRight&quot;}\" data-widget_type=\"image.default\">\n\t\t\t\t<div class=\"elementor-widget-container\">\n\t\t\t\t\t\t\t\t\t\t\t\t\t\t\t<img decoding=\"async\" width=\"1200\" height=\"1600\" src=\"https:\/\/www.floristeriamachuno.es\/wp-content\/uploads\/2025\/06\/PHOTO-2025-06-16-11-27-29-6.jpg\" class=\"attachment-full size-full wp-image-84\" alt=\"\" srcset=\"https:\/\/www.floristeriamachuno.es\/wp-content\/uploads\/2025\/06\/PHOTO-2025-06-16-11-27-29-6.jpg 1200w, https:\/\/www.floristeriamachuno.es\/wp-content\/uploads\/2025\/06\/PHOTO-2025-06-16-11-27-29-6-225x300.jpg 225w, https:\/\/www.floristeriamachuno.es\/wp-content\/uploads\/2025\/06\/PHOTO-2025-06-16-11-27-29-6-768x1024.jpg 768w, https:\/\/www.floristeriamachuno.es\/wp-content\/uploads\/2025\/06\/PHOTO-2025-06-16-11-27-29-6-1152x1536.jpg 1152w\" sizes=\"(max-width: 1200px) 100vw, 1200px\" \/>\t\t\t\t\t\t\t\t\t\t\t\t\t\t\t<\/div>\n\t\t\t\t<\/div>\n\t\t\t\t<div class=\"elementor-element elementor-element-6d162af elementor-widget__width-initial elementor-widget-tablet__width-initial elementor-widget-mobile__width-initial elementor-absolute elementor-widget elementor-widget-image\" data-id=\"6d162af\" data-element_type=\"widget\" data-settings=\"{&quot;motion_fx_motion_fx_mouse&quot;:&quot;yes&quot;,&quot;motion_fx_mouseTrack_effect&quot;:&quot;yes&quot;,&quot;motion_fx_mouseTrack_speed&quot;:{&quot;unit&quot;:&quot;px&quot;,&quot;size&quot;:0.3,&quot;sizes&quot;:[]},&quot;_position&quot;:&quot;absolute&quot;}\" data-widget_type=\"image.default\">\n\t\t\t\t<div class=\"elementor-widget-container\">\n\t\t\t\t\t\t\t\t\t\t\t\t\t\t\t<img loading=\"lazy\" decoding=\"async\" width=\"544\" height=\"459\" src=\"https:\/\/www.floristeriamachuno.es\/wp-content\/uploads\/2025\/06\/blanco-magnolia-removebg-preview.png\" class=\"attachment-full size-full wp-image-237\" alt=\"\" srcset=\"https:\/\/www.floristeriamachuno.es\/wp-content\/uploads\/2025\/06\/blanco-magnolia-removebg-preview.png 544w, https:\/\/www.floristeriamachuno.es\/wp-content\/uploads\/2025\/06\/blanco-magnolia-removebg-preview-300x253.png 300w\" sizes=\"(max-width: 544px) 100vw, 544px\" \/>\t\t\t\t\t\t\t\t\t\t\t\t\t\t\t<\/div>\n\t\t\t\t<\/div>\n\t\t\t\t<div class=\"elementor-element elementor-element-4f495d6 elementor-widget__width-initial elementor-absolute elementor-widget elementor-widget-spacer\" data-id=\"4f495d6\" data-element_type=\"widget\" data-settings=\"{&quot;_position&quot;:&quot;absolute&quot;}\" data-widget_type=\"spacer.default\">\n\t\t\t\t<div class=\"elementor-widget-container\">\n\t\t\t\t\t\t\t<div class=\"elementor-spacer\">\n\t\t\t<div class=\"elementor-spacer-inner\"><\/div>\n\t\t<\/div>\n\t\t\t\t\t\t<\/div>\n\t\t\t\t<\/div>\n\t\t\t\t\t<\/div>\n\t\t<\/div>\n\t\t\t\t<div class=\"elementor-column elementor-col-50 elementor-top-column elementor-element elementor-element-044a4d7\" data-id=\"044a4d7\" data-element_type=\"column\">\n\t\t\t<div class=\"elementor-widget-wrap elementor-element-populated\">\n\t\t\t\t\t\t<div class=\"elementor-element elementor-element-9d4d92a elementor-invisible elementor-widget elementor-widget-heading\" data-id=\"9d4d92a\" data-element_type=\"widget\" data-settings=\"{&quot;_animation&quot;:&quot;fadeInDown&quot;}\" data-widget_type=\"heading.default\">\n\t\t\t\t<div class=\"elementor-widget-container\">\n\t\t\t\t\t<h2 class=\"elementor-heading-title elementor-size-default\">Sobre Machuno<\/h2>\t\t\t\t<\/div>\n\t\t\t\t<\/div>\n\t\t\t\t<div class=\"elementor-element elementor-element-01bfc53 elementor-widget__width-initial elementor-invisible elementor-widget elementor-widget-text-editor\" data-id=\"01bfc53\" data-element_type=\"widget\" data-settings=\"{&quot;_animation&quot;:&quot;fadeInLeft&quot;}\" data-widget_type=\"text-editor.default\">\n\t\t\t\t<div class=\"elementor-widget-container\">\n\t\t\t\t\t\t\t\t\t<p data-start=\"1047\" data-end=\"1278\">Tras varios meses pensando y llen\u00e1ndome de ideas en mi mente, lleg\u00f3 el 3 de marzo de 2004, el d\u00eda en que inaugur\u00e9 mi primera florister\u00eda, donde la humildad estaba reflejada en las necesidades y el trabajo para levantar la persiana.<\/p><p data-start=\"1280\" data-end=\"1397\">Poco a poco fuimos creciendo, impartiendo cursos tanto en la Escuela Andaluza de Arte Floral como en cursos privados.<\/p><p data-start=\"1399\" data-end=\"1687\">A d\u00eda de hoy, puedo decir que hemos crecido tras mucho trabajo y dedicaci\u00f3n, cambiando de local, pasando de una florister\u00eda peque\u00f1ita a una casa de dos plantas donde expresamos lo que mejor sabemos hacer: recibir a nuestros clientes y llegar a ellos en cada momento importante de su vida.<\/p><p data-start=\"1399\" data-end=\"1687\">\u00a0<\/p>\t\t\t\t\t\t\t\t<\/div>\n\t\t\t\t<\/div>\n\t\t\t\t\t<\/div>\n\t\t<\/div>\n\t\t\t\t\t<\/div>\n\t\t<\/section>\n\t\t\t\t<\/div>\n\t\t","protected":false},"excerpt":{"rendered":"<p>Sobre Nosotros \u00a1Hola! Me llamo Jos\u00e9, aunque todos me conocen por MACHUNO. Soy el florista que est\u00e1 detr\u00e1s de Machuno Arte Floral. Aunque llegu\u00e9 a esta profesi\u00f3n sin esperarlo, me volv\u00ed, tras conocer un poco m\u00e1s sobre ella, un apasionado por la decoraci\u00f3n floral, el sentido del crecimiento vegetal y personal, las flores, los colores, [&hellip;]<\/p>\n","protected":false},"author":1,"featured_media":0,"parent":0,"menu_order":0,"comment_status":"closed","ping_status":"closed","template":"elementor_header_footer","meta":{"footnotes":""},"class_list":["post-223","page","type-page","status-publish","hentry"],"_links":{"self":[{"href":"https:\/\/www.floristeriamachuno.es\/index.php\/wp-json\/wp\/v2\/pages\/223","targetHints":{"allow":["GET"]}}],"collection":[{"href":"https:\/\/www.floristeriamachuno.es\/index.php\/wp-json\/wp\/v2\/pages"}],"about":[{"href":"https:\/\/www.floristeriamachuno.es\/index.php\/wp-json\/wp\/v2\/types\/page"}],"author":[{"embeddable":true,"href":"https:\/\/www.floristeriamachuno.es\/index.php\/wp-json\/wp\/v2\/users\/1"}],"replies":[{"embeddable":true,"href":"https:\/\/www.floristeriamachuno.es\/index.php\/wp-json\/wp\/v2\/comments?post=223"}],"version-history":[{"count":19,"href":"https:\/\/www.floristeriamachuno.es\/index.php\/wp-json\/wp\/v2\/pages\/223\/revisions"}],"predecessor-version":[{"id":278,"href":"https:\/\/www.floristeriamachuno.es\/index.php\/wp-json\/wp\/v2\/pages\/223\/revisions\/278"}],"wp:attachment":[{"href":"https:\/\/www.floristeriamachuno.es\/index.php\/wp-json\/wp\/v2\/media?parent=223"}],"curies":[{"name":"wp","href":"https:\/\/api.w.org\/{rel}","templated":true}]}}