{"id":544,"date":"2025-10-14T17:43:50","date_gmt":"2025-10-14T17:43:50","guid":{"rendered":"http:\/\/www.floristeriamachuno.es\/?page_id=544"},"modified":"2025-10-16T07:37:15","modified_gmt":"2025-10-16T07:37:15","slug":"bodas-copy","status":"publish","type":"page","link":"https:\/\/www.floristeriamachuno.es\/index.php\/bodas-copy\/","title":{"rendered":"Bodas"},"content":{"rendered":"\t\t<div data-elementor-type=\"wp-page\" data-elementor-id=\"544\" class=\"elementor elementor-544\" data-elementor-post-type=\"page\">\n\t\t\t\t<div class=\"elementor-element elementor-element-6106456 e-flex e-con-boxed e-con e-parent\" data-id=\"6106456\" data-element_type=\"container\" data-settings=\"{&quot;background_background&quot;:&quot;classic&quot;}\">\n\t\t\t\t\t<div class=\"e-con-inner\">\n\t\t<div class=\"elementor-element elementor-element-01a7d6d e-con-full e-flex e-con e-child\" data-id=\"01a7d6d\" data-element_type=\"container\">\n\t\t\t\t<div class=\"elementor-element elementor-element-b532394 elementor-widget elementor-widget-heading\" data-id=\"b532394\" data-element_type=\"widget\" data-widget_type=\"heading.default\">\n\t\t\t\t<div class=\"elementor-widget-container\">\n\t\t\t\t\t<h1 class=\"elementor-heading-title elementor-size-default\">Transformamos espacios en recuerdos<\/h1>\t\t\t\t<\/div>\n\t\t\t\t<\/div>\n\t\t\t\t<div class=\"elementor-element elementor-element-9cecfa8 elementor-widget elementor-widget-text-editor\" data-id=\"9cecfa8\" data-element_type=\"widget\" data-widget_type=\"text-editor.default\">\n\t\t\t\t<div class=\"elementor-widget-container\">\n\t\t\t\t\t\t\t\t\t<p>Cada boda es un universo de emociones. Creamos atm\u00f3sferas que reflejan vuestro estilo con arreglos florales llenos de vida, armon\u00eda y detalle. Desde el primer p\u00e9talo hasta el \u00faltimo suspiro, transformamos cada espacio en un recuerdo inolvidable.<\/p>\t\t\t\t\t\t\t\t<\/div>\n\t\t\t\t<\/div>\n\t\t\t\t<div class=\"elementor-element elementor-element-c5461c0 elementor-align-left elementor-widget elementor-widget-button\" data-id=\"c5461c0\" data-element_type=\"widget\" data-widget_type=\"button.default\">\n\t\t\t\t<div class=\"elementor-widget-container\">\n\t\t\t\t\t\t\t\t\t<div class=\"elementor-button-wrapper\">\n\t\t\t\t\t<a class=\"elementor-button elementor-button-link elementor-size-sm\" href=\"#\">\n\t\t\t\t\t\t<span class=\"elementor-button-content-wrapper\">\n\t\t\t\t\t\t\t\t\t<span class=\"elementor-button-text\">Explora nuestras creaciones<\/span>\n\t\t\t\t\t<\/span>\n\t\t\t\t\t<\/a>\n\t\t\t\t<\/div>\n\t\t\t\t\t\t\t\t<\/div>\n\t\t\t\t<\/div>\n\t\t\t\t<\/div>\n\t\t\t\t\t<\/div>\n\t\t\t\t<\/div>\n\t\t<div class=\"elementor-element elementor-element-6eb51e9 e-grid e-con-boxed e-con e-parent\" data-id=\"6eb51e9\" data-element_type=\"container\" data-settings=\"{&quot;background_background&quot;:&quot;classic&quot;,&quot;background_motion_fx_motion_fx_scrolling&quot;:&quot;yes&quot;,&quot;background_motion_fx_devices&quot;:[&quot;desktop&quot;,&quot;tablet&quot;,&quot;mobile&quot;]}\">\n\t\t\t\t\t<div class=\"e-con-inner\">\n\t\t\t\t<div class=\"elementor-element elementor-element-87be478 e-transform e-transform elementor-widget elementor-widget-image\" data-id=\"87be478\" data-element_type=\"widget\" data-settings=\"{&quot;_transform_scale_effect&quot;:{&quot;unit&quot;:&quot;px&quot;,&quot;size&quot;:1,&quot;sizes&quot;:[]},&quot;_transform_scale_effect_hover&quot;:{&quot;unit&quot;:&quot;px&quot;,&quot;size&quot;:1.05,&quot;sizes&quot;:[]},&quot;_transform_scale_effect_tablet&quot;:{&quot;unit&quot;:&quot;px&quot;,&quot;size&quot;:&quot;&quot;,&quot;sizes&quot;:[]},&quot;_transform_scale_effect_mobile&quot;:{&quot;unit&quot;:&quot;px&quot;,&quot;size&quot;:&quot;&quot;,&quot;sizes&quot;:[]},&quot;_transform_scale_effect_hover_tablet&quot;:{&quot;unit&quot;:&quot;px&quot;,&quot;size&quot;:&quot;&quot;,&quot;sizes&quot;:[]},&quot;_transform_scale_effect_hover_mobile&quot;:{&quot;unit&quot;:&quot;px&quot;,&quot;size&quot;:&quot;&quot;,&quot;sizes&quot;:[]}}\" data-widget_type=\"image.default\">\n\t\t\t\t<div class=\"elementor-widget-container\">\n\t\t\t\t\t\t\t\t\t\t\t\t\t\t\t<img fetchpriority=\"high\" decoding=\"async\" width=\"800\" height=\"532\" src=\"https:\/\/www.floristeriamachuno.es\/wp-content\/uploads\/2025\/10\/close-up-woman-holding-bridal-bouquet-1024x681.jpg\" class=\"attachment-large size-large wp-image-582\" alt=\"\" srcset=\"https:\/\/www.floristeriamachuno.es\/wp-content\/uploads\/2025\/10\/close-up-woman-holding-bridal-bouquet-1024x681.jpg 1024w, https:\/\/www.floristeriamachuno.es\/wp-content\/uploads\/2025\/10\/close-up-woman-holding-bridal-bouquet-300x200.jpg 300w, https:\/\/www.floristeriamachuno.es\/wp-content\/uploads\/2025\/10\/close-up-woman-holding-bridal-bouquet-768x511.jpg 768w, https:\/\/www.floristeriamachuno.es\/wp-content\/uploads\/2025\/10\/close-up-woman-holding-bridal-bouquet-1536x1022.jpg 1536w, https:\/\/www.floristeriamachuno.es\/wp-content\/uploads\/2025\/10\/close-up-woman-holding-bridal-bouquet-2048x1363.jpg 2048w\" sizes=\"(max-width: 800px) 100vw, 800px\" \/>\t\t\t\t\t\t\t\t\t\t\t\t\t\t\t<\/div>\n\t\t\t\t<\/div>\n\t\t<div class=\"elementor-element elementor-element-c7d5c2d e-con-full e-flex e-con e-child\" data-id=\"c7d5c2d\" data-element_type=\"container\">\n\t\t\t\t<div class=\"elementor-element elementor-element-0ac2fc1 elementor-widget__width-initial elementor-widget elementor-widget-text-editor\" data-id=\"0ac2fc1\" data-element_type=\"widget\" data-widget_type=\"text-editor.default\">\n\t\t\t\t<div class=\"elementor-widget-container\">\n\t\t\t\t\t\t\t\t\t<p class=\"ds-markdown-paragraph\">Creamos tu ramo como una obra de arte que refleje fielmente tu esencia. Tejemos p\u00e9talos de flores frescas y preservadas en una paleta de tonos sutiles, integr\u00e1ndolos con elementos naturales para conseguir una armon\u00eda llena de romanticismo y elegancia. Nos dedicamos a cada detalle para que esta creaci\u00f3n sea el complemento perfecto de tu d\u00eda so\u00f1ado.<\/p>\t\t\t\t\t\t\t\t<\/div>\n\t\t\t\t<\/div>\n\t\t\t\t<div class=\"elementor-element elementor-element-22f7894 elementor-widget elementor-widget-heading\" data-id=\"22f7894\" data-element_type=\"widget\" data-widget_type=\"heading.default\">\n\t\t\t\t<div class=\"elementor-widget-container\">\n\t\t\t\t\t<h2 class=\"elementor-heading-title elementor-size-default\">Ramos de Novia<\/h2>\t\t\t\t<\/div>\n\t\t\t\t<\/div>\n\t\t\t\t<div class=\"elementor-element elementor-element-2ac2a59 elementor-widget elementor-widget-heading\" data-id=\"2ac2a59\" data-element_type=\"widget\" data-widget_type=\"heading.default\">\n\t\t\t\t<div class=\"elementor-widget-container\">\n\t\t\t\t\t<h2 class=\"elementor-heading-title elementor-size-default\">Coleccion especial<\/h2>\t\t\t\t<\/div>\n\t\t\t\t<\/div>\n\t\t\t\t<div class=\"elementor-element elementor-element-9cb8c93 elementor-align-left e-transform elementor-widget elementor-widget-button\" data-id=\"9cb8c93\" data-element_type=\"widget\" data-settings=\"{&quot;_transform_scale_effect_hover&quot;:{&quot;unit&quot;:&quot;px&quot;,&quot;size&quot;:1.01,&quot;sizes&quot;:[]},&quot;_transform_scale_effect_hover_tablet&quot;:{&quot;unit&quot;:&quot;px&quot;,&quot;size&quot;:&quot;&quot;,&quot;sizes&quot;:[]},&quot;_transform_scale_effect_hover_mobile&quot;:{&quot;unit&quot;:&quot;px&quot;,&quot;size&quot;:&quot;&quot;,&quot;sizes&quot;:[]}}\" data-widget_type=\"button.default\">\n\t\t\t\t<div class=\"elementor-widget-container\">\n\t\t\t\t\t\t\t\t\t<div class=\"elementor-button-wrapper\">\n\t\t\t\t\t<a class=\"elementor-button elementor-button-link elementor-size-sm\" href=\"#\">\n\t\t\t\t\t\t<span class=\"elementor-button-content-wrapper\">\n\t\t\t\t\t\t\t\t\t<span class=\"elementor-button-text\">Descubre tu ramo ideal<\/span>\n\t\t\t\t\t<\/span>\n\t\t\t\t\t<\/a>\n\t\t\t\t<\/div>\n\t\t\t\t\t\t\t\t<\/div>\n\t\t\t\t<\/div>\n\t\t\t\t<\/div>\n\t\t\t\t\t<\/div>\n\t\t\t\t<\/div>\n\t\t<div class=\"elementor-element elementor-element-2b5fddd e-grid e-con-boxed e-con e-parent\" data-id=\"2b5fddd\" data-element_type=\"container\" data-settings=\"{&quot;background_background&quot;:&quot;classic&quot;,&quot;background_motion_fx_motion_fx_scrolling&quot;:&quot;yes&quot;,&quot;background_motion_fx_devices&quot;:[&quot;desktop&quot;,&quot;tablet&quot;,&quot;mobile&quot;]}\">\n\t\t\t\t\t<div class=\"e-con-inner\">\n\t\t<div class=\"elementor-element elementor-element-fc623f9 e-con-full e-flex e-con e-child\" data-id=\"fc623f9\" data-element_type=\"container\">\n\t\t\t\t<div class=\"elementor-element elementor-element-302d43a elementor-widget__width-initial elementor-widget elementor-widget-text-editor\" data-id=\"302d43a\" data-element_type=\"widget\" data-widget_type=\"text-editor.default\">\n\t\t\t\t<div class=\"elementor-widget-container\">\n\t\t\t\t\t\t\t\t\t<p>Creamos ambientes que reflejan tu historia y tu estilo.<br data-start=\"998\" data-end=\"1001\" \/>Desde los centros de mesa hasta los rincones m\u00e1s \u00edntimos, cada flor, tono y textura se elige con intenci\u00f3n.<br data-start=\"1110\" data-end=\"1113\" \/>Nuestra meta es que cada espacio respire armon\u00eda, emoci\u00f3n y belleza, haciendo de tu celebraci\u00f3n un recuerdo inolvidable.<\/p>\t\t\t\t\t\t\t\t<\/div>\n\t\t\t\t<\/div>\n\t\t\t\t<div class=\"elementor-element elementor-element-b9e580e elementor-widget elementor-widget-heading\" data-id=\"b9e580e\" data-element_type=\"widget\" data-widget_type=\"heading.default\">\n\t\t\t\t<div class=\"elementor-widget-container\">\n\t\t\t\t\t<h2 class=\"elementor-heading-title elementor-size-default\">Decoraci\u00f3n<\/h2>\t\t\t\t<\/div>\n\t\t\t\t<\/div>\n\t\t\t\t<div class=\"elementor-element elementor-element-c4e771c elementor-widget elementor-widget-heading\" data-id=\"c4e771c\" data-element_type=\"widget\" data-widget_type=\"heading.default\">\n\t\t\t\t<div class=\"elementor-widget-container\">\n\t\t\t\t\t<h2 class=\"elementor-heading-title elementor-size-default\">Detalles que transforman<\/h2>\t\t\t\t<\/div>\n\t\t\t\t<\/div>\n\t\t\t\t<div class=\"elementor-element elementor-element-9ff8c2f elementor-align-left e-transform elementor-widget elementor-widget-button\" data-id=\"9ff8c2f\" data-element_type=\"widget\" data-settings=\"{&quot;_transform_scale_effect_hover&quot;:{&quot;unit&quot;:&quot;px&quot;,&quot;size&quot;:1.01,&quot;sizes&quot;:[]},&quot;_transform_scale_effect_hover_tablet&quot;:{&quot;unit&quot;:&quot;px&quot;,&quot;size&quot;:&quot;&quot;,&quot;sizes&quot;:[]},&quot;_transform_scale_effect_hover_mobile&quot;:{&quot;unit&quot;:&quot;px&quot;,&quot;size&quot;:&quot;&quot;,&quot;sizes&quot;:[]}}\" data-widget_type=\"button.default\">\n\t\t\t\t<div class=\"elementor-widget-container\">\n\t\t\t\t\t\t\t\t\t<div class=\"elementor-button-wrapper\">\n\t\t\t\t\t<a class=\"elementor-button elementor-button-link elementor-size-sm\" href=\"#\">\n\t\t\t\t\t\t<span class=\"elementor-button-content-wrapper\">\n\t\t\t\t\t\t\t\t\t<span class=\"elementor-button-text\">Insp\u00edrate en nuestras decoraciones<\/span>\n\t\t\t\t\t<\/span>\n\t\t\t\t\t<\/a>\n\t\t\t\t<\/div>\n\t\t\t\t\t\t\t\t<\/div>\n\t\t\t\t<\/div>\n\t\t\t\t<\/div>\n\t\t\t\t<div class=\"elementor-element elementor-element-19e084a e-transform e-transform elementor-widget elementor-widget-image\" data-id=\"19e084a\" data-element_type=\"widget\" data-settings=\"{&quot;_transform_scale_effect&quot;:{&quot;unit&quot;:&quot;px&quot;,&quot;size&quot;:1,&quot;sizes&quot;:[]},&quot;_transform_scale_effect_hover&quot;:{&quot;unit&quot;:&quot;px&quot;,&quot;size&quot;:1.05,&quot;sizes&quot;:[]},&quot;_transform_scale_effect_tablet&quot;:{&quot;unit&quot;:&quot;px&quot;,&quot;size&quot;:&quot;&quot;,&quot;sizes&quot;:[]},&quot;_transform_scale_effect_mobile&quot;:{&quot;unit&quot;:&quot;px&quot;,&quot;size&quot;:&quot;&quot;,&quot;sizes&quot;:[]},&quot;_transform_scale_effect_hover_tablet&quot;:{&quot;unit&quot;:&quot;px&quot;,&quot;size&quot;:&quot;&quot;,&quot;sizes&quot;:[]},&quot;_transform_scale_effect_hover_mobile&quot;:{&quot;unit&quot;:&quot;px&quot;,&quot;size&quot;:&quot;&quot;,&quot;sizes&quot;:[]}}\" data-widget_type=\"image.default\">\n\t\t\t\t<div class=\"elementor-widget-container\">\n\t\t\t\t\t\t\t\t\t\t\t\t\t\t\t<img decoding=\"async\" width=\"800\" height=\"534\" src=\"https:\/\/www.floristeriamachuno.es\/wp-content\/uploads\/2025\/10\/ChatGPT-Image-15-oct-2025-05_39_38-p.m-1024x683.png\" class=\"attachment-large size-large wp-image-618\" alt=\"\" srcset=\"https:\/\/www.floristeriamachuno.es\/wp-content\/uploads\/2025\/10\/ChatGPT-Image-15-oct-2025-05_39_38-p.m-1024x683.png 1024w, https:\/\/www.floristeriamachuno.es\/wp-content\/uploads\/2025\/10\/ChatGPT-Image-15-oct-2025-05_39_38-p.m-300x200.png 300w, https:\/\/www.floristeriamachuno.es\/wp-content\/uploads\/2025\/10\/ChatGPT-Image-15-oct-2025-05_39_38-p.m-768x512.png 768w, https:\/\/www.floristeriamachuno.es\/wp-content\/uploads\/2025\/10\/ChatGPT-Image-15-oct-2025-05_39_38-p.m.png 1536w\" sizes=\"(max-width: 800px) 100vw, 800px\" \/>\t\t\t\t\t\t\t\t\t\t\t\t\t\t\t<\/div>\n\t\t\t\t<\/div>\n\t\t\t\t\t<\/div>\n\t\t\t\t<\/div>\n\t\t<div class=\"elementor-element elementor-element-2c7e36f e-grid e-con-boxed e-con e-parent\" data-id=\"2c7e36f\" data-element_type=\"container\" data-settings=\"{&quot;background_background&quot;:&quot;classic&quot;,&quot;background_motion_fx_motion_fx_scrolling&quot;:&quot;yes&quot;,&quot;background_motion_fx_devices&quot;:[&quot;desktop&quot;,&quot;tablet&quot;,&quot;mobile&quot;]}\">\n\t\t\t\t\t<div class=\"e-con-inner\">\n\t\t\t\t<div class=\"elementor-element elementor-element-688b69e e-transform e-transform elementor-widget elementor-widget-image\" data-id=\"688b69e\" data-element_type=\"widget\" data-settings=\"{&quot;_transform_scale_effect&quot;:{&quot;unit&quot;:&quot;px&quot;,&quot;size&quot;:1,&quot;sizes&quot;:[]},&quot;_transform_scale_effect_hover&quot;:{&quot;unit&quot;:&quot;px&quot;,&quot;size&quot;:1.05,&quot;sizes&quot;:[]},&quot;_transform_scale_effect_tablet&quot;:{&quot;unit&quot;:&quot;px&quot;,&quot;size&quot;:&quot;&quot;,&quot;sizes&quot;:[]},&quot;_transform_scale_effect_mobile&quot;:{&quot;unit&quot;:&quot;px&quot;,&quot;size&quot;:&quot;&quot;,&quot;sizes&quot;:[]},&quot;_transform_scale_effect_hover_tablet&quot;:{&quot;unit&quot;:&quot;px&quot;,&quot;size&quot;:&quot;&quot;,&quot;sizes&quot;:[]},&quot;_transform_scale_effect_hover_mobile&quot;:{&quot;unit&quot;:&quot;px&quot;,&quot;size&quot;:&quot;&quot;,&quot;sizes&quot;:[]}}\" data-widget_type=\"image.default\">\n\t\t\t\t<div class=\"elementor-widget-container\">\n\t\t\t\t\t\t\t\t\t\t\t\t\t\t\t<img decoding=\"async\" width=\"800\" height=\"534\" src=\"https:\/\/www.floristeriamachuno.es\/wp-content\/uploads\/2025\/10\/ChatGPT-Image-15-oct-2025-05_53_58-p.m-1024x683.png\" class=\"attachment-large size-large wp-image-619\" alt=\"\" srcset=\"https:\/\/www.floristeriamachuno.es\/wp-content\/uploads\/2025\/10\/ChatGPT-Image-15-oct-2025-05_53_58-p.m-1024x683.png 1024w, https:\/\/www.floristeriamachuno.es\/wp-content\/uploads\/2025\/10\/ChatGPT-Image-15-oct-2025-05_53_58-p.m-300x200.png 300w, https:\/\/www.floristeriamachuno.es\/wp-content\/uploads\/2025\/10\/ChatGPT-Image-15-oct-2025-05_53_58-p.m-768x512.png 768w, https:\/\/www.floristeriamachuno.es\/wp-content\/uploads\/2025\/10\/ChatGPT-Image-15-oct-2025-05_53_58-p.m.png 1536w\" sizes=\"(max-width: 800px) 100vw, 800px\" \/>\t\t\t\t\t\t\t\t\t\t\t\t\t\t\t<\/div>\n\t\t\t\t<\/div>\n\t\t<div class=\"elementor-element elementor-element-240c46c e-con-full e-flex e-con e-child\" data-id=\"240c46c\" data-element_type=\"container\">\n\t\t\t\t<div class=\"elementor-element elementor-element-576f4e3 elementor-widget__width-initial elementor-widget elementor-widget-text-editor\" data-id=\"576f4e3\" data-element_type=\"widget\" data-widget_type=\"text-editor.default\">\n\t\t\t\t<div class=\"elementor-widget-container\">\n\t\t\t\t\t\t\t\t\t<p data-start=\"809\" data-end=\"1016\">Creamos regalos \u00fanicos que expresan emociones sinceras.<br data-start=\"864\" data-end=\"867\" \/>Cada composici\u00f3n floral se dise\u00f1a pensando en la persona que la recibe,<br data-start=\"940\" data-end=\"943\" \/>combinando texturas suaves, aromas naturales y una est\u00e9tica delicada.<\/p><p data-start=\"1023\" data-end=\"1183\">Desde peque\u00f1os ramos hasta elegantes cajas florales, cuidamos cada detalle para que el gesto se convierta en un recuerdo lleno de belleza y significado.<\/p>\t\t\t\t\t\t\t\t<\/div>\n\t\t\t\t<\/div>\n\t\t\t\t<div class=\"elementor-element elementor-element-07a2b0e elementor-widget elementor-widget-heading\" data-id=\"07a2b0e\" data-element_type=\"widget\" data-widget_type=\"heading.default\">\n\t\t\t\t<div class=\"elementor-widget-container\">\n\t\t\t\t\t<h2 class=\"elementor-heading-title elementor-size-default\">Regalos Florales<\/h2>\t\t\t\t<\/div>\n\t\t\t\t<\/div>\n\t\t\t\t<div class=\"elementor-element elementor-element-583e681 elementor-widget elementor-widget-heading\" data-id=\"583e681\" data-element_type=\"widget\" data-widget_type=\"heading.default\">\n\t\t\t\t<div class=\"elementor-widget-container\">\n\t\t\t\t\t<h2 class=\"elementor-heading-title elementor-size-default\">Detalles que hablan desde el coraz\u00f3n<\/h2>\t\t\t\t<\/div>\n\t\t\t\t<\/div>\n\t\t\t\t<div class=\"elementor-element elementor-element-c52ecd3 elementor-align-left e-transform elementor-widget elementor-widget-button\" data-id=\"c52ecd3\" data-element_type=\"widget\" data-settings=\"{&quot;_transform_scale_effect_hover&quot;:{&quot;unit&quot;:&quot;px&quot;,&quot;size&quot;:1.01,&quot;sizes&quot;:[]},&quot;_transform_scale_effect_hover_tablet&quot;:{&quot;unit&quot;:&quot;px&quot;,&quot;size&quot;:&quot;&quot;,&quot;sizes&quot;:[]},&quot;_transform_scale_effect_hover_mobile&quot;:{&quot;unit&quot;:&quot;px&quot;,&quot;size&quot;:&quot;&quot;,&quot;sizes&quot;:[]}}\" data-widget_type=\"button.default\">\n\t\t\t\t<div class=\"elementor-widget-container\">\n\t\t\t\t\t\t\t\t\t<div class=\"elementor-button-wrapper\">\n\t\t\t\t\t<a class=\"elementor-button elementor-button-link elementor-size-sm\" href=\"#\">\n\t\t\t\t\t\t<span class=\"elementor-button-content-wrapper\">\n\t\t\t\t\t\t\t\t\t<span class=\"elementor-button-text\">Descubre el regalo perfecto<\/span>\n\t\t\t\t\t<\/span>\n\t\t\t\t\t<\/a>\n\t\t\t\t<\/div>\n\t\t\t\t\t\t\t\t<\/div>\n\t\t\t\t<\/div>\n\t\t\t\t<\/div>\n\t\t\t\t\t<\/div>\n\t\t\t\t<\/div>\n\t\t\t\t<\/div>\n\t\t","protected":false},"excerpt":{"rendered":"<p>Transformamos espacios en recuerdos Cada boda es un universo de emociones. Creamos atm\u00f3sferas que reflejan vuestro estilo con arreglos florales llenos de vida, armon\u00eda y detalle. Desde el primer p\u00e9talo hasta el \u00faltimo suspiro, transformamos cada espacio en un recuerdo inolvidable. Explora nuestras creaciones Creamos tu ramo como una obra de arte que refleje fielmente [&hellip;]<\/p>\n","protected":false},"author":1,"featured_media":0,"parent":0,"menu_order":0,"comment_status":"closed","ping_status":"closed","template":"","meta":{"footnotes":""},"class_list":["post-544","page","type-page","status-publish","hentry"],"_links":{"self":[{"href":"https:\/\/www.floristeriamachuno.es\/index.php\/wp-json\/wp\/v2\/pages\/544","targetHints":{"allow":["GET"]}}],"collection":[{"href":"https:\/\/www.floristeriamachuno.es\/index.php\/wp-json\/wp\/v2\/pages"}],"about":[{"href":"https:\/\/www.floristeriamachuno.es\/index.php\/wp-json\/wp\/v2\/types\/page"}],"author":[{"embeddable":true,"href":"https:\/\/www.floristeriamachuno.es\/index.php\/wp-json\/wp\/v2\/users\/1"}],"replies":[{"embeddable":true,"href":"https:\/\/www.floristeriamachuno.es\/index.php\/wp-json\/wp\/v2\/comments?post=544"}],"version-history":[{"count":83,"href":"https:\/\/www.floristeriamachuno.es\/index.php\/wp-json\/wp\/v2\/pages\/544\/revisions"}],"predecessor-version":[{"id":723,"href":"https:\/\/www.floristeriamachuno.es\/index.php\/wp-json\/wp\/v2\/pages\/544\/revisions\/723"}],"wp:attachment":[{"href":"https:\/\/www.floristeriamachuno.es\/index.php\/wp-json\/wp\/v2\/media?parent=544"}],"curies":[{"name":"wp","href":"https:\/\/api.w.org\/{rel}","templated":true}]}}